{"id":2,"date":"2020-10-27T14:10:19","date_gmt":"2020-10-27T13:10:19","guid":{"rendered":"http:\/\/garantie-a-vie.com\/?page_id=2"},"modified":"2026-02-18T21:11:56","modified_gmt":"2026-02-18T20:11:56","slug":"garantie-a-vie","status":"publish","type":"page","link":"https:\/\/garantie-a-vie.com\/","title":{"rendered":"L&rsquo;annuaire des marques proposant des produits garantie \u00e0  vie"},"content":{"rendered":"\n<p>(en construction)<\/p>\n\n\n\n<p>Nous contacter : <a rel=\"noreferrer noopener\" href=\"mailto:contact.garantie.a.vie@gmail.com?subject=&quot;demande d\\'information&quot;\" data-type=\"URL\" target=\"_blank\">ic<\/a><a href=\"mailto:contact.garantie.a.vie@gmail.com?subject=&quot;demande d\\'information&quot;\" data-type=\"URL\" target=\"_blank\" rel=\"noreferrer noopener\">i<\/a><\/p>\n\n\n\n<div class=\"wp-block-columns\">\n<div class=\"wp-block-column\" style=\"flex-basis:100%\">\n<figure class=\"wp-block-table is-style-regular\"><table><tbody><tr><td>Enseignes<\/td><td>Domaine<\/td><td>Origine<\/td><\/tr><tr><td><a href=\"https:\/\/garantie-a-vie.com\/index.php\/2026\/02\/18\/le-creuset-pourquoi-cette-marque-de-cuisine-est-elle-garantie-a-vie\/\" target=\"_blank\" rel=\"noreferrer noopener\">Le Creuset<\/a><\/td><td>cuisine, cocottes, po\u00eales, casseroles<\/td><td>France<\/td><\/tr><tr><td><a href=\"https:\/\/www.opinel.com\/\">Opinel<\/a><\/td><td>cuisine, couteaux<\/td><td>France<\/td><\/tr><tr><td><a href=\"https:\/\/www.wusthof.fr\/\">W\u00fcsthof<\/a><\/td><td>cuisine, couteaux<\/td><td>Allemagne<\/td><\/tr><tr><td><a href=\"https:\/\/rosle-boutiquesinternet.fr\/\">R\u00f6sle<\/a><\/td><td>Ustensiles de cuisine<\/td><td>Allemagne<\/td><\/tr><tr><td><a href=\"https:\/\/jansport.eu\/\">JanSport<\/a><\/td><td>Sac \u00e0 dos, sac de voyage<\/td><td>USA<\/td><\/tr><tr><td><a href=\"https:\/\/eu.patagonia.com\/fr\/fr\/home\/\">Patagonia<\/a><\/td><td>v\u00eatement<\/td><td>USA<\/td><\/tr><tr><td>Sloggi <\/td><td>V\u00eatement (gamme EverNew)<\/td><td>???<\/td><\/tr><tr><td><a href=\"https:\/\/www.vermontteddybear.com\/\">Vermont Teddy Bear<\/a><\/td><td>Ours en peluche<\/td><td>USA<\/td><\/tr><tr><td>Davek<\/td><td>Parapluies<\/td><td>USA<\/td><\/tr><tr><td><a href=\"https:\/\/uk.tilley.com\/\">Tilley<\/a><\/td><td>Chapeaux <\/td><td>Canada<\/td><\/tr><tr><td><a href=\"https:\/\/eaglecreek.eu\/fr_fr\/\">Eagle Creek<\/a><\/td><td>Bagages<\/td><td>USA<\/td><\/tr><tr><td><a href=\"https:\/\/www.briggs-riley.com\/\">Briggs Riley<\/a><\/td><td>Bagages<\/td><td>USA<\/td><\/tr><tr><td><a href=\"https:\/\/www.sealey.co.uk\/\">Sealey<\/a><\/td><td>Bricolage, outils \u00e0 main<\/td><td>UK<\/td><\/tr><tr><td><a href=\"https:\/\/www.facom.fr\/\">Facom<\/a><\/td><td>Bricolage<\/td><td>France &amp; UK<\/td><\/tr><\/tbody><\/table><figcaption>liste des enseignes, marques ou produits<\/figcaption><\/figure>\n\n\n\n<p><\/p>\n<\/div>\n<\/div>\n\n\n\n<p><\/p>\n","protected":false},"excerpt":{"rendered":"<p>(en construction) Nous contacter : ici Enseignes Domaine Origine Le Creuset cuisine, cocottes, po\u00eales, casseroles France Opinel cuisine, couteaux France W\u00fcsthof cuisine, couteaux Allemagne R\u00f6sle Ustensiles de cuisine Allemagne JanSport Sac \u00e0 dos, sac de voyage USA Patagonia v\u00eatement USA Sloggi V\u00eatement (gamme EverNew) ??? Vermont Teddy Bear Ours en peluche USA Davek Parapluies USA [&hellip;]<\/p>\n","protected":false},"author":1,"featured_media":0,"parent":0,"menu_order":0,"comment_status":"closed","ping_status":"closed","template":"template-homepage.php","meta":[],"_links":{"self":[{"href":"https:\/\/garantie-a-vie.com\/index.php\/wp-json\/wp\/v2\/pages\/2"}],"collection":[{"href":"https:\/\/garantie-a-vie.com\/index.php\/wp-json\/wp\/v2\/pages"}],"about":[{"href":"https:\/\/garantie-a-vie.com\/index.php\/wp-json\/wp\/v2\/types\/page"}],"author":[{"embeddable":true,"href":"https:\/\/garantie-a-vie.com\/index.php\/wp-json\/wp\/v2\/users\/1"}],"replies":[{"embeddable":true,"href":"https:\/\/garantie-a-vie.com\/index.php\/wp-json\/wp\/v2\/comments?post=2"}],"version-history":[{"count":10,"href":"https:\/\/garantie-a-vie.com\/index.php\/wp-json\/wp\/v2\/pages\/2\/revisions"}],"predecessor-version":[{"id":45,"href":"https:\/\/garantie-a-vie.com\/index.php\/wp-json\/wp\/v2\/pages\/2\/revisions\/45"}],"wp:attachment":[{"href":"https:\/\/garantie-a-vie.com\/index.php\/wp-json\/wp\/v2\/media?parent=2"}],"curies":[{"name":"wp","href":"https:\/\/api.w.org\/{rel}","templated":true}]}}